{"id":1743,"date":"2019-12-05T09:17:16","date_gmt":"2019-12-05T09:17:16","guid":{"rendered":"https:\/\/demoapus2.com\/rekon\/?page_id=1743"},"modified":"2024-10-31T17:17:49","modified_gmt":"2024-10-31T14:17:49","slug":"about","status":"publish","type":"page","link":"https:\/\/ankayapi.de\/de\/about\/","title":{"rendered":"\u00dcber uns"},"content":{"rendered":"<div data-elementor-type=\"wp-page\" data-elementor-id=\"1743\" class=\"elementor elementor-1743\">\n\t\t\t\t\t\t<section class=\"elementor-section elementor-top-section elementor-element elementor-element-5d38cf0 elementor-section-stretched elementor-section-boxed elementor-section-height-default elementor-section-height-default\" data-id=\"5d38cf0\" data-element_type=\"section\" data-settings=\"{&quot;stretch_section&quot;:&quot;section-stretched&quot;}\">\n\t\t\t\t\t\t<div class=\"elementor-container elementor-column-gap-extended\">\n\t\t\t\t\t<div class=\"elementor-column elementor-col-50 elementor-top-column elementor-element elementor-element-969133f\" data-id=\"969133f\" data-element_type=\"column\">\n\t\t\t<div class=\"elementor-widget-wrap elementor-element-populated\">\n\t\t\t\t\t\t<div class=\"elementor-element elementor-element-4b75c92 elementor-widget elementor-widget-image\" data-id=\"4b75c92\" data-element_type=\"widget\" data-widget_type=\"image.default\">\n\t\t\t\t<div class=\"elementor-widget-container\">\n\t\t\t\t\t\t\t\t\t\t\t\t\t<img fetchpriority=\"high\" decoding=\"async\" width=\"660\" height=\"372\" src=\"https:\/\/ankayapi.de\/wp-content\/uploads\/2024\/10\/1713354020303-1024x577.jpeg\" class=\"attachment-large size-large wp-image-4239\" alt=\"\" srcset=\"https:\/\/ankayapi.de\/wp-content\/uploads\/2024\/10\/1713354020303-1024x577.jpeg 1024w, https:\/\/ankayapi.de\/wp-content\/uploads\/2024\/10\/1713354020303-300x169.jpeg 300w, https:\/\/ankayapi.de\/wp-content\/uploads\/2024\/10\/1713354020303-768x432.jpeg 768w, https:\/\/ankayapi.de\/wp-content\/uploads\/2024\/10\/1713354020303-18x10.jpeg 18w, https:\/\/ankayapi.de\/wp-content\/uploads\/2024\/10\/1713354020303-460x259.jpeg 460w, https:\/\/ankayapi.de\/wp-content\/uploads\/2024\/10\/1713354020303.jpeg 1284w\" sizes=\"(max-width: 660px) 100vw, 660px\" \/>\t\t\t\t\t\t\t\t\t\t\t\t\t<\/div>\n\t\t\t\t<\/div>\n\t\t\t\t\t<\/div>\n\t\t<\/div>\n\t\t\t\t<div class=\"elementor-column elementor-col-50 elementor-top-column elementor-element elementor-element-1058d42\" data-id=\"1058d42\" data-element_type=\"column\">\n\t\t\t<div class=\"elementor-widget-wrap elementor-element-populated\">\n\t\t\t\t\t\t<div class=\"elementor-element elementor-element-3bbd28b elementor-widget elementor-widget-heading\" data-id=\"3bbd28b\" data-element_type=\"widget\" data-widget_type=\"heading.default\">\n\t\t\t\t<div class=\"elementor-widget-container\">\n\t\t\t<h2 class=\"elementor-heading-title elementor-size-default\">\u00dcber uns<\/h2>\t\t<\/div>\n\t\t\t\t<\/div>\n\t\t\t\t<div class=\"elementor-element elementor-element-a0f168d elementor-widget elementor-widget-heading\" data-id=\"a0f168d\" data-element_type=\"widget\" data-widget_type=\"heading.default\">\n\t\t\t\t<div class=\"elementor-widget-container\">\n\t\t\t<h3 class=\"elementor-heading-title elementor-size-default\">Ein Erfolg, der mit Vertrauen und Qualit\u00e4t w\u00e4chst.<\/h3>\t\t<\/div>\n\t\t\t\t<\/div>\n\t\t\t\t<div class=\"elementor-element elementor-element-c427ff4 elementor-widget elementor-widget-heading\" data-id=\"c427ff4\" data-element_type=\"widget\" data-widget_type=\"heading.default\">\n\t\t\t\t<div class=\"elementor-widget-container\">\n\t\t\t<p class=\"elementor-heading-title elementor-size-default\">Unser Unternehmen wurde 2015 im Bezirk Kelkit in G\u00fcm\u00fc\u015fhane gegr\u00fcndet. Der Erfolg von Ankayapi \u0130n\u015faat Taahh\u00fct Elektrik Mekanik Turizm Sanayi ve Ticaret Anonim \u015eirketi, das mit dem Wissen, der Erfahrung und den Erfahrungen, die wir seit seiner Gr\u00fcndung gesammelt haben, innovative Projekte durchgef\u00fchrt hat, liegt in seiner effizienten Belegschaft, die stets offen f\u00fcr Innovation und Entwicklung ist , und entschlossene und schwierige Ziele.<\/p>\t\t<\/div>\n\t\t\t\t<\/div>\n\t\t\t\t\t<\/div>\n\t\t<\/div>\n\t\t\t\t\t<\/div>\n\t\t<\/section>\n\t\t<div class=\"elementor-element elementor-element-9055a38 e-flex e-con-boxed e-con e-parent\" data-id=\"9055a38\" data-element_type=\"container\">\n\t\t\t\t\t<div class=\"e-con-inner\">\n\t\t\t\t<div class=\"elementor-element elementor-element-bd56f1f elementor-widget elementor-widget-text-editor\" data-id=\"bd56f1f\" data-element_type=\"widget\" data-widget_type=\"text-editor.default\">\n\t\t\t\t<div class=\"elementor-widget-container\">\n\t\t\t\t\t\t\t<p>Unser Unternehmen, das die Entwicklungen in der Branche und die neuen Anforderungen auf dem Markt genau verfolgt, ist aufgrund seiner umfassenden Verwaltungs- und Finanzkenntnisse weiterhin eines der starken Unternehmen der Branche. Unser Unternehmen, das weiterhin gro\u00dfe Ingenieurprojekte umsetzt, hat seit seiner Gr\u00fcndung in allen Regionen der T\u00fcrkei viele bahnbrechende, beispielhafte, qualitativ hochwertige und innovative Projekte durchgef\u00fchrt. Ab 2022 haben wir damit begonnen, unsere Projekte international zum Leben zu erwecken, und als Unternehmen haben wir viele wichtige Infrastruktur- und Bauprojekte im Ausland erfolgreich abgeschlossen und f\u00fchren diese weiterhin durch.<\/p>\t\t\t\t\t\t<\/div>\n\t\t\t\t<\/div>\n\t\t\t\t\t<\/div>\n\t\t\t\t<\/div>\n\t\t\t\t<section class=\"elementor-section elementor-top-section elementor-element elementor-element-8a89713 elementor-section-stretched elementor-section-boxed elementor-section-height-default elementor-section-height-default\" data-id=\"8a89713\" data-element_type=\"section\" data-settings=\"{&quot;stretch_section&quot;:&quot;section-stretched&quot;}\">\n\t\t\t\t\t\t<div class=\"elementor-container elementor-column-gap-extended\">\n\t\t\t\t\t<div class=\"elementor-column elementor-col-100 elementor-top-column elementor-element elementor-element-e1c182d\" data-id=\"e1c182d\" data-element_type=\"column\">\n\t\t\t<div class=\"elementor-widget-wrap elementor-element-populated\">\n\t\t\t\t\t\t<div class=\"elementor-element elementor-element-77247e3 elementor-widget elementor-widget-apus_element_brands\" data-id=\"77247e3\" data-element_type=\"widget\" data-widget_type=\"apus_element_brands.default\">\n\t\t\t\t<div class=\"elementor-widget-container\">\n\t\t\t            <div class=\"widget-brand  carousel default\">\n                                    <div class=\"slick-carousel\" data-items=\"4\"  \n                      data-smallest=\"2\" data-pagination=\"true\" data-nav=\"false\" data-rows=\"1\">\n                                                      \n                                    <div class=\"brand-item\">\n                                        <div class=\"brand-item-container\">\n                                                                                            <img decoding=\"async\" src=\"https:\/\/ankayapi.de\/wp-content\/uploads\/2024\/10\/aha-logo.png\" alt=\"\">\n                                                                                    <\/div>                                        \n                                    <\/div>\n                                                                                  \n                                    <div class=\"brand-item\">\n                                        <div class=\"brand-item-container\">\n                                                                                            <img decoding=\"async\" src=\"https:\/\/ankayapi.de\/wp-content\/uploads\/2024\/10\/Zueblin_Logo_2024.svg.png\" alt=\"\">\n                                                                                    <\/div>                                        \n                                    <\/div>\n                                                                                  \n                                    <div class=\"brand-item\">\n                                        <div class=\"brand-item-container\">\n                                                                                            <img decoding=\"async\" src=\"https:\/\/ankayapi.de\/wp-content\/uploads\/2024\/10\/Koster_Bau_Logo.svg.png\" alt=\"\">\n                                                                                    <\/div>                                        \n                                    <\/div>\n                                                                                  \n                                    <div class=\"brand-item\">\n                                        <div class=\"brand-item-container\">\n                                                                                            <img decoding=\"async\" src=\"https:\/\/ankayapi.de\/wp-content\/uploads\/2024\/10\/Porr_logo.svg.png\" alt=\"\">\n                                                                                    <\/div>                                        \n                                    <\/div>\n                                                                                  \n                                    <div class=\"brand-item\">\n                                        <div class=\"brand-item-container\">\n                                                                                            <img decoding=\"async\" src=\"https:\/\/ankayapi.de\/wp-content\/uploads\/2024\/10\/425840557_880829474044804_5926227270432055829_n.jpg\" alt=\"\">\n                                                                                    <\/div>                                        \n                                    <\/div>\n                                                                                  \n                                    <div class=\"brand-item\">\n                                        <div class=\"brand-item-container\">\n                                                                                            <img decoding=\"async\" src=\"https:\/\/ankayapi.de\/wp-content\/uploads\/2020\/01\/brand_06.png\" alt=\"\">\n                                                                                    <\/div>                                        \n                                    <\/div>\n                                                                                  \n                                    <div class=\"brand-item\">\n                                        <div class=\"brand-item-container\">\n                                                                                            <img decoding=\"async\" src=\"https:\/\/ankayapi.de\/wp-content\/uploads\/2020\/01\/brand_07.png\" alt=\"\">\n                                                                                    <\/div>                                        \n                                    <\/div>\n                                                                                  \n                                    <div class=\"brand-item\">\n                                        <div class=\"brand-item-container\">\n                                                                                            <img decoding=\"async\" src=\"https:\/\/ankayapi.de\/wp-content\/uploads\/2020\/01\/brand_08.png\" alt=\"\">\n                                                                                    <\/div>                                        \n                                    <\/div>\n                                                                        <\/div>\n                            <\/div>\n            \t\t<\/div>\n\t\t\t\t<\/div>\n\t\t\t\t\t<\/div>\n\t\t<\/div>\n\t\t\t\t\t<\/div>\n\t\t<\/section>\n\t\t\t\t<\/div>","protected":false},"excerpt":{"rendered":"<p>Hakk\u0131m\u0131zda G\u00fcven Ve Kalite \u0130le B\u00fcy\u00fcyen Bir Ba\u015far\u0131. Firmam\u0131z 2015 y\u0131l\u0131nda G\u00fcm\u00fc\u015fhane&#8217;nin Kelkit \u0130l\u00e7esinde kurulmu\u015ftur. Kuruldu\u011fu g\u00fcnden bu yana edindi\u011fimiz bilgi, tecr\u00fcbe ve deneyimlerle yenilik\u00e7i projelere imza atan Ankayapi \u0130n\u015faat Taahh\u00fct Elektrik Mekanik Turizm Sanayi ve Ticaret Anonim \u015eirketi&#8217;nin ba\u015far\u0131s\u0131, her zaman yenili\u011fe ve geli\u015fime a\u00e7\u0131k, verimli i\u015f g\u00fcc\u00fcnde yatmaktad\u0131r. ve kararl\u0131 ve zor hedefler. &hellip; <br \/><a href=\"https:\/\/ankayapi.de\/de\/about\/\" class=\"more-link\">Continue reading <span class=\"screen-reader-text\">\u00dcber uns<\/span><\/a><\/p>","protected":false},"author":1,"featured_media":3606,"parent":0,"menu_order":0,"comment_status":"closed","ping_status":"closed","template":"","meta":{"footnotes":""},"class_list":["post-1743","page","type-page","status-publish","has-post-thumbnail","hentry"],"_links":{"self":[{"href":"https:\/\/ankayapi.de\/de\/wp-json\/wp\/v2\/pages\/1743","targetHints":{"allow":["GET"]}}],"collection":[{"href":"https:\/\/ankayapi.de\/de\/wp-json\/wp\/v2\/pages"}],"about":[{"href":"https:\/\/ankayapi.de\/de\/wp-json\/wp\/v2\/types\/page"}],"author":[{"embeddable":true,"href":"https:\/\/ankayapi.de\/de\/wp-json\/wp\/v2\/users\/1"}],"replies":[{"embeddable":true,"href":"https:\/\/ankayapi.de\/de\/wp-json\/wp\/v2\/comments?post=1743"}],"version-history":[{"count":23,"href":"https:\/\/ankayapi.de\/de\/wp-json\/wp\/v2\/pages\/1743\/revisions"}],"predecessor-version":[{"id":4326,"href":"https:\/\/ankayapi.de\/de\/wp-json\/wp\/v2\/pages\/1743\/revisions\/4326"}],"wp:featuredmedia":[{"embeddable":true,"href":"https:\/\/ankayapi.de\/de\/wp-json\/wp\/v2\/media\/3606"}],"wp:attachment":[{"href":"https:\/\/ankayapi.de\/de\/wp-json\/wp\/v2\/media?parent=1743"}],"curies":[{"name":"wp","href":"https:\/\/api.w.org\/{rel}","templated":true}]}}